{"id":27,"date":"2019-11-19T16:37:51","date_gmt":"2019-11-19T15:37:51","guid":{"rendered":"http:\/\/www.hintzes.de\/wp\/?page_id=27"},"modified":"2025-06-13T14:47:49","modified_gmt":"2025-06-13T12:47:49","slug":"100-jahre-hintze","status":"publish","type":"page","link":"https:\/\/www.hintzes.de\/wp\/100-jahre-hintze\/","title":{"rendered":"100 Jahre Hintze"},"content":{"rendered":"<div class=\"entry-content\">\n<p data-start=\"137\" data-end=\"435\"><strong data-start=\"137\" data-end=\"197\">Tradition trifft auf Wandel \u2013 100 Jahre Gastfreundschaft<\/strong><br data-start=\"197\" data-end=\"200\" \/>Unser Restaurant ist mehr als nur ein Lokal \u2013 es ist eine <strong data-start=\"258\" data-end=\"271\">Tradition<\/strong>. Seit mehr als 100 Jahren (1914-2014) begr\u00fc\u00dfen wir unsere G\u00e4ste inmitten von Jork, und das mit einer Geschichte, die ebenso faszinierend wie die Region selbst ist.<\/p>\n<p data-start=\"437\" data-end=\"806\">Die Wurzeln unseres Hauses reichen zur\u00fcck in die turbulenten Zeiten des Ersten Weltkriegs, eine \u00c4ra, die an sich schon viele Ver\u00e4nderungen mit sich brachte. Und doch zeigt sich: Nichts entsteht einfach so, selten f\u00e4llt der erste Schritt ohne Vorwarnung. Es sind immer die \u00e4u\u00dferen Umst\u00e4nde, die das Denken herausfordern und uns dazu bringen, neue Wege zu gehen.<\/p>\n<p data-start=\"808\" data-end=\"1168\">Unser Erfolg \u00fcber all diese Jahre l\u00e4sst sich in wenigen Worten zusammenfassen: Anpassungsf\u00e4higkeit, Wandel und der Mut, immer wieder neue Wege zu gehen. Die Bereitschaft, sich immer wieder auf die sich wandelnden Bed\u00fcrfnisse unserer G\u00e4ste einzustellen und, wo n\u00f6tig, auch alte Gewohnheiten hinter sich zu lassen, hat uns zu dem gemacht, was wir heute sind.<\/p>\n<p data-start=\"1170\" data-end=\"1484\">Doch am Ende des Tages ist es das Team, das den entscheidenden Unterschied macht. Nur mit einer eingespielten, zuverl\u00e4ssigen und vor allem leidenschaftlichen Mannschaft gelingt es, Erfolg zu haben. Mit Freude und Herzblut setzen wir jeden Tag alles daran, unseren G\u00e4sten unvergessliche Momente zu bereiten.<\/p>\n<\/div>\n<h3>Essen und Trinken im Wandeln eines Jahrhunderts<\/h3>\n<p><img loading=\"lazy\" decoding=\"async\" class=\"size-medium wp-image-169 alignright\" src=\"https:\/\/www.hintzes.de\/wp\/wp-content\/uploads\/2020\/07\/Anna-194x300.jpg\" alt=\"\" width=\"194\" height=\"300\" srcset=\"https:\/\/www.hintzes.de\/wp\/wp-content\/uploads\/2020\/07\/Anna-194x300.jpg 194w, https:\/\/www.hintzes.de\/wp\/wp-content\/uploads\/2020\/07\/Anna-661x1024.jpg 661w, https:\/\/www.hintzes.de\/wp\/wp-content\/uploads\/2020\/07\/Anna-768x1190.jpg 768w, https:\/\/www.hintzes.de\/wp\/wp-content\/uploads\/2020\/07\/Anna.jpg 826w\" sizes=\"auto, (max-width: 194px) 100vw, 194px\" \/><\/p>\n<ul>\n<li><u><strong>1914:<\/strong><\/u> Zu Pfingsten 1914 \u00f6ffnet das jetzige Restaurant Hintze zum ersten Mal die T\u00fcren f\u00fcr seine G\u00e4ste.<\/li>\n<li><u><strong>1924:<\/strong><\/u> Die Lebensmittelpreise sind weitgehend stabil, ein Ei kostet 0,20 Reichsmark. Noch ein Jahr vorher kostet es 320 Milliarden Mark\u2026. Beginn der goldenen Zwanziger.<\/li>\n<li><u><strong>1934:<\/strong><\/u> Eine Nationalspeise entsteht: Das Eintopfmahl am Sonntag. Schusterpastete, Hamburger Frikassee mit Kohl oder geschmorten Wurstkartoffeln, mit Blutwurst aus dem gemeinsamen Topf l\u00f6ffeln. Das soll den Zusammenhalt der Deutschen st\u00e4rken.<\/li>\n<li><u><strong>1944:<\/strong><\/u> Kalorienzufuhr statt Gaumenfreuden. Obwohl selbst im Kriegsjahr 1944 kaum jemand Hunger leidet, verschlechtert sich die Ern\u00e4hrungslage doch zunehmend. Gaumenfreuden werden zur Nebensache. Meistens kommen nur noch Kartoffel oder Mehlgerichte auf den Tisch.<\/li>\n<li><strong><u>1954:<\/u><\/strong> Bessere Ern\u00e4hrung nach entbehrungsreichen Jahren. Fleisch ist nicht die Regel auf bundesdeutschen Tischen. Der Bundesern\u00e4hrungsminister Heinrich L\u00fcbke fordert die Fleischer auf, ihre Preise zu senken.<\/li>\n<li><u><strong>1964:<\/strong><\/u> Feinschmeckerk\u00fcche verdr\u00e4ngt Hausmannskost. In den Restaurants kommen immer h\u00e4ufiger Speisen auf den Tisch, die vor wenigen Jahren noch extravagant erschienen: Puten, Rauchschinken, verschiedene K\u00e4sesorten und Delikatess-Salate. Das beliebteste Getr\u00e4nk ist nach wie vor Bier. Der Deutsche trinkt im Laufe des Jahres 120 Liter Gerstensaft. 1950 waren es dagegen nur 35 Liter.<img loading=\"lazy\" decoding=\"async\" class=\"size-medium wp-image-170 alignright\" src=\"https:\/\/www.hintzes.de\/wp\/wp-content\/uploads\/2020\/07\/karte3coloriert-300x194.jpg\" alt=\"\" width=\"300\" height=\"194\" srcset=\"https:\/\/www.hintzes.de\/wp\/wp-content\/uploads\/2020\/07\/karte3coloriert-300x194.jpg 300w, https:\/\/www.hintzes.de\/wp\/wp-content\/uploads\/2020\/07\/karte3coloriert-1024x661.jpg 1024w, https:\/\/www.hintzes.de\/wp\/wp-content\/uploads\/2020\/07\/karte3coloriert-768x496.jpg 768w, https:\/\/www.hintzes.de\/wp\/wp-content\/uploads\/2020\/07\/karte3coloriert.jpg 1280w\" sizes=\"auto, (max-width: 300px) 100vw, 300px\" \/><\/li>\n<li><u><strong>1974:<\/strong><\/u> Die leichte K\u00fcche ist im Kommen. Schwere Saucen, wie die klassische Bearnaise verschwinden von der Speisekarte. Die neue leichte Vinaigrette verdeckt nicht mehr den Eigengeschmack von Fleisch, Gem\u00fcse und Salat. Neben den Italienern, Griechen und Jugoslawen gibt es nun auch immer mehr Fern\u00f6stliche Restaurants.<\/li>\n<li><u><strong>1984:<\/strong><\/u> Die meisten Menschen hierzulande essen zu fett, zu s\u00fc\u00df, zu salzig und zu viel, ist das Fazit der Deutschen\u00a0 Gesellschaft f\u00fcr Ern\u00e4hrungsberatung. Es gibt einen neuen Trend zur bewussten Ern\u00e4hrung, Getreidem\u00fchlen halten Einzug bei den jungen Familien.<\/li>\n<li><u><strong>1994:<\/strong><\/u> Luxusk\u00fcche ist nicht gefragt, gesund soll das Essen sein und passend f\u00fcr jeden Geldbeutel. Besonders Schick gelten die Thail\u00e4ndische, mexikanische und besonders die kreolische K\u00fcche.<\/li>\n<li><u><strong>2004:<\/strong><\/u> Wir m\u00fcssen uns endlich darauf besinnen, auf die Esskultur in Deutschland stolz zu sein. Sagt Ernst-Ulrich Schassberger, Vizepr\u00e4sident der Organisation Eurotoques, ein Bollwerk gegen Fastfood und Pfusch in der Nahrung. Die Nation kocht auf allen Kan\u00e4len und Kochb\u00fccher gibt es wie \u00c4pfel im Alten Land. Erstmals wird mehr Wasser als Bier getrunken.<\/li>\n<li><u><strong>2014:<\/strong><\/u> Das Traditionsrestaurant Hintze im Alten Land besteht seit 100 Jahren.<\/li>\n<\/ul>\n<figure id=\"attachment_172\" aria-describedby=\"caption-attachment-172\" style=\"width: 275px\" class=\"wp-caption alignleft\"><img loading=\"lazy\" decoding=\"async\" class=\"wp-image-172 \" src=\"https:\/\/www.hintzes.de\/wp\/wp-content\/uploads\/2020\/07\/karte1-300x221.jpg\" alt=\"\" width=\"275\" height=\"203\" srcset=\"https:\/\/www.hintzes.de\/wp\/wp-content\/uploads\/2020\/07\/karte1-300x221.jpg 300w, https:\/\/www.hintzes.de\/wp\/wp-content\/uploads\/2020\/07\/karte1-1024x756.jpg 1024w, https:\/\/www.hintzes.de\/wp\/wp-content\/uploads\/2020\/07\/karte1-768x567.jpg 768w, https:\/\/www.hintzes.de\/wp\/wp-content\/uploads\/2020\/07\/karte1.jpg 1280w\" sizes=\"auto, (max-width: 275px) 100vw, 275px\" \/><figcaption id=\"caption-attachment-172\" class=\"wp-caption-text\">Das alte Haus, das sp\u00e4ter abgerissen wurde. An der selben Stelle steht das heutige Restaurant.<\/figcaption><\/figure>\n<figure id=\"attachment_173\" aria-describedby=\"caption-attachment-173\" style=\"width: 275px\" class=\"wp-caption alignright\"><img loading=\"lazy\" decoding=\"async\" class=\"wp-image-173 \" src=\"https:\/\/www.hintzes.de\/wp\/wp-content\/uploads\/2020\/07\/Karte4-300x213.jpg\" alt=\"\" width=\"275\" height=\"195\" srcset=\"https:\/\/www.hintzes.de\/wp\/wp-content\/uploads\/2020\/07\/Karte4-300x213.jpg 300w, https:\/\/www.hintzes.de\/wp\/wp-content\/uploads\/2020\/07\/Karte4-1024x727.jpg 1024w, https:\/\/www.hintzes.de\/wp\/wp-content\/uploads\/2020\/07\/Karte4-768x545.jpg 768w, https:\/\/www.hintzes.de\/wp\/wp-content\/uploads\/2020\/07\/Karte4.jpg 1280w\" sizes=\"auto, (max-width: 275px) 100vw, 275px\" \/><figcaption id=\"caption-attachment-173\" class=\"wp-caption-text\">Aus heutiger Sicht zum Schmunzeln: Eine Postkarte, auf der auch die damalige Inneneinrichtung zu sehen ist.<\/figcaption><\/figure>\n","protected":false},"excerpt":{"rendered":"<p>Tradition trifft auf Wandel \u2013 100 Jahre GastfreundschaftUnser Restaurant ist mehr als nur ein Lokal \u2013 es ist eine Tradition. Seit mehr als 100 Jahren (1914-2014) begr\u00fc\u00dfen wir unsere G\u00e4ste&#8230;<\/p>\n","protected":false},"author":1,"featured_media":0,"parent":0,"menu_order":1,"comment_status":"closed","ping_status":"closed","template":"","meta":{"footnotes":""},"class_list":["post-27","page","type-page","status-publish","hentry"],"_links":{"self":[{"href":"https:\/\/www.hintzes.de\/wp\/wp-json\/wp\/v2\/pages\/27","targetHints":{"allow":["GET"]}}],"collection":[{"href":"https:\/\/www.hintzes.de\/wp\/wp-json\/wp\/v2\/pages"}],"about":[{"href":"https:\/\/www.hintzes.de\/wp\/wp-json\/wp\/v2\/types\/page"}],"author":[{"embeddable":true,"href":"https:\/\/www.hintzes.de\/wp\/wp-json\/wp\/v2\/users\/1"}],"replies":[{"embeddable":true,"href":"https:\/\/www.hintzes.de\/wp\/wp-json\/wp\/v2\/comments?post=27"}],"version-history":[{"count":15,"href":"https:\/\/www.hintzes.de\/wp\/wp-json\/wp\/v2\/pages\/27\/revisions"}],"predecessor-version":[{"id":473,"href":"https:\/\/www.hintzes.de\/wp\/wp-json\/wp\/v2\/pages\/27\/revisions\/473"}],"wp:attachment":[{"href":"https:\/\/www.hintzes.de\/wp\/wp-json\/wp\/v2\/media?parent=27"}],"curies":[{"name":"wp","href":"https:\/\/api.w.org\/{rel}","templated":true}]}}